{"id":54,"date":"2023-09-05T12:47:02","date_gmt":"2023-09-05T12:47:02","guid":{"rendered":"http:\/\/www.aamd.it\/?page_id=54"},"modified":"2023-09-06T13:49:44","modified_gmt":"2023-09-06T13:49:44","slug":"bb","status":"publish","type":"page","link":"https:\/\/www.aamd.it\/index.php\/bb\/","title":{"rendered":"B&#038;B"},"content":{"rendered":"\n<div class=\"wp-block-media-text has-media-on-the-right is-stacked-on-mobile\" style=\"grid-template-columns:auto 66%\"><div class=\"wp-block-media-text__content\">\n<p>Per rendere il tuo soggiorno presso la nostra azienda ancora pi\u00f9 piacevole, mettiamo a disposizione una camera confortevole nel nostro accogliente Bed &amp; Breakfast. Immersa nella tranquillit\u00e0 della campagna, la nostra camera \u00e8 arredata con gusto e ti offrir\u00e0 un rifugio di relax durante la tua visita. Ogni mattina potrai gustare una colazione genuina, con prodotti freschi e deliziosi, compreso il nostro pregiato miele.<\/p>\n<\/div><figure class=\"wp-block-media-text__media\"><img loading=\"lazy\" decoding=\"async\" width=\"1024\" height=\"768\" src=\"http:\/\/www.aamd.it\/wp-content\/uploads\/2023\/09\/terrazza-1024x768.jpeg\" alt=\"\" class=\"wp-image-52 size-full\" srcset=\"https:\/\/www.aamd.it\/wp-content\/uploads\/2023\/09\/terrazza-1024x768.jpeg 1024w, https:\/\/www.aamd.it\/wp-content\/uploads\/2023\/09\/terrazza-600x450.jpeg 600w, https:\/\/www.aamd.it\/wp-content\/uploads\/2023\/09\/terrazza-300x225.jpeg 300w, https:\/\/www.aamd.it\/wp-content\/uploads\/2023\/09\/terrazza-768x576.jpeg 768w, https:\/\/www.aamd.it\/wp-content\/uploads\/2023\/09\/terrazza-1536x1152.jpeg 1536w, https:\/\/www.aamd.it\/wp-content\/uploads\/2023\/09\/terrazza-80x60.jpeg 80w, https:\/\/www.aamd.it\/wp-content\/uploads\/2023\/09\/terrazza.jpeg 2016w\" sizes=\"auto, (max-width: 1024px) 100vw, 1024px\" \/><\/figure><\/div>\n","protected":false},"excerpt":{"rendered":"<p>Per rendere il tuo soggiorno presso la nostra azienda ancora pi\u00f9 piacevole, mettiamo a disposizione una camera confortevole nel nostro accogliente Bed &amp; Breakfast. Immersa nella tranquillit\u00e0 della campagna, la nostra camera \u00e8 arredata con gusto e ti offrir\u00e0 un rifugio di relax durante la tua visita. Ogni mattina potrai gustare una colazione genuina, con [&hellip;]<\/p>\n","protected":false},"author":1,"featured_media":0,"parent":0,"menu_order":0,"comment_status":"closed","ping_status":"closed","template":"","meta":{"site-sidebar-layout":"default","site-content-layout":"","ast-site-content-layout":"default","site-content-style":"default","site-sidebar-style":"default","ast-global-header-display":"","ast-banner-title-visibility":"","ast-main-header-display":"","ast-hfb-above-header-display":"","ast-hfb-below-header-display":"","ast-hfb-mobile-header-display":"","site-post-title":"","ast-breadcrumbs-content":"","ast-featured-img":"","footer-sml-layout":"","ast-disable-related-posts":"","theme-transparent-header-meta":"","adv-header-id-meta":"","stick-header-meta":"","header-above-stick-meta":"","header-main-stick-meta":"","header-below-stick-meta":"","astra-migrate-meta-layouts":"default","ast-page-background-enabled":"default","ast-page-background-meta":{"desktop":{"background-color":"var(--ast-global-color-4)","background-image":"","background-repeat":"repeat","background-position":"center center","background-size":"auto","background-attachment":"scroll","background-type":"","background-media":"","overlay-type":"","overlay-color":"","overlay-opacity":"","overlay-gradient":""},"tablet":{"background-color":"","background-image":"","background-repeat":"repeat","background-position":"center center","background-size":"auto","background-attachment":"scroll","background-type":"","background-media":"","overlay-type":"","overlay-color":"","overlay-opacity":"","overlay-gradient":""},"mobile":{"background-color":"","background-image":"","background-repeat":"repeat","background-position":"center center","background-size":"auto","background-attachment":"scroll","background-type":"","background-media":"","overlay-type":"","overlay-color":"","overlay-opacity":"","overlay-gradient":""}},"ast-content-background-meta":{"desktop":{"background-color":"var(--ast-global-color-5)","background-image":"","background-repeat":"repeat","background-position":"center center","background-size":"auto","background-attachment":"scroll","background-type":"","background-media":"","overlay-type":"","overlay-color":"","overlay-opacity":"","overlay-gradient":""},"tablet":{"background-color":"var(--ast-global-color-5)","background-image":"","background-repeat":"repeat","background-position":"center center","background-size":"auto","background-attachment":"scroll","background-type":"","background-media":"","overlay-type":"","overlay-color":"","overlay-opacity":"","overlay-gradient":""},"mobile":{"background-color":"var(--ast-global-color-5)","background-image":"","background-repeat":"repeat","background-position":"center center","background-size":"auto","background-attachment":"scroll","background-type":"","background-media":"","overlay-type":"","overlay-color":"","overlay-opacity":"","overlay-gradient":""}},"footnotes":""},"class_list":["post-54","page","type-page","status-publish","hentry"],"jetpack_sharing_enabled":true,"_links":{"self":[{"href":"https:\/\/www.aamd.it\/index.php\/wp-json\/wp\/v2\/pages\/54","targetHints":{"allow":["GET"]}}],"collection":[{"href":"https:\/\/www.aamd.it\/index.php\/wp-json\/wp\/v2\/pages"}],"about":[{"href":"https:\/\/www.aamd.it\/index.php\/wp-json\/wp\/v2\/types\/page"}],"author":[{"embeddable":true,"href":"https:\/\/www.aamd.it\/index.php\/wp-json\/wp\/v2\/users\/1"}],"replies":[{"embeddable":true,"href":"https:\/\/www.aamd.it\/index.php\/wp-json\/wp\/v2\/comments?post=54"}],"version-history":[{"count":3,"href":"https:\/\/www.aamd.it\/index.php\/wp-json\/wp\/v2\/pages\/54\/revisions"}],"predecessor-version":[{"id":153,"href":"https:\/\/www.aamd.it\/index.php\/wp-json\/wp\/v2\/pages\/54\/revisions\/153"}],"wp:attachment":[{"href":"https:\/\/www.aamd.it\/index.php\/wp-json\/wp\/v2\/media?parent=54"}],"curies":[{"name":"wp","href":"https:\/\/api.w.org\/{rel}","templated":true}]}}